{"id":1229,"date":"2020-10-14T09:12:54","date_gmt":"2020-10-14T06:12:54","guid":{"rendered":"https:\/\/pencongress.org\/?page_id=407"},"modified":"2025-08-31T20:15:41","modified_gmt":"2025-08-31T17:15:41","slug":"events-calendar-2024","status":"publish","type":"page","link":"https:\/\/pencongress.org\/es\/events-calendar-2024\/","title":{"rendered":"Calendario de eventos 2026"},"content":{"rendered":"<p style=\"text-align: center;\"><strong>CALENDARIO PROVISIONAL DE <\/strong><strong>REUNIONES DE LOS COMIT\u00c9S Y DEL CONGRESO 2026<\/strong><\/p>\n<p><strong>Marzo de 2026<\/strong><br \/>\nReuni\u00f3n anual del WWC con lectura de poemas<br \/>\nLa inscripci\u00f3n se abrir\u00e1 a principios de 2026.<\/p>\n<p><strong>21 de marzo de 2026<\/strong><br \/>\nD\u00eda Mundial de la Poes\u00eda (evento del Comit\u00e9)<\/p>\n<p><strong>13-16 abril de 2026<\/strong><br \/>\nReuni\u00f3n anual de la WfPC, <strong>Bled, Eslovenia<\/strong><br \/>\nLa inscripci\u00f3n se abrir\u00e1 en enero-febrero de 2026.<\/p>\n<p><strong>Mayo de 2026<\/strong><br \/>\nReuni\u00f3n anual del WiPC<br \/>\nLa inscripci\u00f3n se abrir\u00e1 en marzo de 2026.<\/p>\n<p><strong>Mayo-junio de 2026<\/strong><br \/>\nReuni\u00f3n anual del TLRC: Montpellier, Francia<br \/>\nLa inscripci\u00f3n se abrir\u00e1 en abril de 2026.<\/p>\n<p><strong>Mayo-junio de 2026<\/strong><br \/>\nReuni\u00f3n anual del YWC<br \/>\nLa inscripci\u00f3n se abrir\u00e1 en abril de 2026.<\/p>\n<p><strong>Septiembre de 2026<\/strong><br \/>\n<strong>92<sup>o<\/sup> Congreso de PEN International, en l\u00ednea<\/strong><br \/>\nLa inscripci\u00f3n se abrir\u00e1 en mayo de 2026.<\/p>\n","protected":false},"excerpt":{"rendered":"<p>CALENDARIO PROVISIONAL DE REUNIONES DE LOS COMIT\u00c9S Y DEL CONGRESO 2026 Marzo de 2026 Reuni\u00f3n anual del WWC con lectura&#8230;<\/p>\n","protected":false},"author":1,"featured_media":0,"parent":0,"menu_order":0,"comment_status":"closed","ping_status":"closed","template":"","meta":{"_acf_changed":false,"footnotes":""},"class_list":["post-1229","page","type-page","status-publish","hentry"],"acf":[],"yoast_head":"<!-- This site is optimized with the Yoast SEO plugin v25.5 - https:\/\/yoast.com\/wordpress\/plugins\/seo\/ -->\n<title>Calendario de eventos 2026<\/title>\n<meta name=\"robots\" content=\"index, follow, max-snippet:-1, max-image-preview:large, max-video-preview:-1\" \/>\n<link rel=\"canonical\" href=\"https:\/\/pencongress.org\/es\/events-calendar-2024\/\" \/>\n<meta property=\"og:locale\" content=\"es_ES\" \/>\n<meta property=\"og:locale:alternate\" content=\"en_US\" \/>\n<meta property=\"og:locale:alternate\" content=\"fr_FR\" \/>\n<meta property=\"og:type\" content=\"article\" \/>\n<meta property=\"og:title\" content=\"Calendario de eventos 2026\" \/>\n<meta property=\"og:description\" content=\"CALENDARIO PROVISIONAL DE REUNIONES DE LOS COMIT\u00c9S Y DEL CONGRESO 2026 Marzo de 2026 Reuni\u00f3n anual del WWC con lectura...\" \/>\n<meta property=\"og:url\" content=\"https:\/\/pencongress.org\/es\/events-calendar-2024\/\" \/>\n<meta property=\"og:site_name\" content=\"PEN\" \/>\n<meta property=\"article:modified_time\" content=\"2025-08-31T17:15:41+00:00\" \/>\n<meta name=\"twitter:card\" content=\"summary_large_image\" \/>\n<meta name=\"twitter:label1\" content=\"Tiempo de lectura\" \/>\n\t<meta name=\"twitter:data1\" content=\"1 minuto\" \/>\n<script type=\"application\/ld+json\" class=\"yoast-schema-graph\">{\"@context\":\"https:\/\/schema.org\",\"@graph\":[{\"@type\":\"WebPage\",\"@id\":\"https:\/\/pencongress.org\/fr\/events-calendar-2024\/\",\"url\":\"https:\/\/pencongress.org\/fr\/events-calendar-2024\/\",\"name\":\"Calendario de eventos 2026\",\"isPartOf\":{\"@id\":\"https:\/\/pencongress.org\/#website\"},\"datePublished\":\"2020-10-14T06:12:54+00:00\",\"dateModified\":\"2025-08-31T17:15:41+00:00\",\"breadcrumb\":{\"@id\":\"https:\/\/pencongress.org\/fr\/events-calendar-2024\/#breadcrumb\"},\"inLanguage\":\"es-ES\",\"potentialAction\":[{\"@type\":\"ReadAction\",\"target\":[\"https:\/\/pencongress.org\/fr\/events-calendar-2024\/\"]}]},{\"@type\":\"BreadcrumbList\",\"@id\":\"https:\/\/pencongress.org\/fr\/events-calendar-2024\/#breadcrumb\",\"itemListElement\":[{\"@type\":\"ListItem\",\"position\":1,\"name\":\"\u0413\u043b\u0430\u0432\u043d\u0430\u044f \u0441\u0442\u0440\u0430\u043d\u0438\u0446\u0430\",\"item\":\"https:\/\/pencongress.org\/es\/\"},{\"@type\":\"ListItem\",\"position\":2,\"name\":\"Calendrier des \u00e9v\u00e9nements 2026\"}]},{\"@type\":\"WebSite\",\"@id\":\"https:\/\/pencongress.org\/#website\",\"url\":\"https:\/\/pencongress.org\/\",\"name\":\"PEN\",\"description\":\"Congress 2020\",\"publisher\":{\"@id\":\"https:\/\/pencongress.org\/#organization\"},\"potentialAction\":[{\"@type\":\"SearchAction\",\"target\":{\"@type\":\"EntryPoint\",\"urlTemplate\":\"https:\/\/pencongress.org\/?s={search_term_string}\"},\"query-input\":{\"@type\":\"PropertyValueSpecification\",\"valueRequired\":true,\"valueName\":\"search_term_string\"}}],\"inLanguage\":\"es-ES\"},{\"@type\":\"Organization\",\"@id\":\"https:\/\/pencongress.org\/#organization\",\"name\":\"PEN\",\"url\":\"https:\/\/pencongress.org\/\",\"logo\":{\"@type\":\"ImageObject\",\"inLanguage\":\"es-ES\",\"@id\":\"https:\/\/pencongress.org\/#\/schema\/logo\/image\/\",\"url\":\"https:\/\/pencongress.org\/wp-content\/uploads\/2024\/09\/LOGO-NEW-WHITE-141.svg\",\"contentUrl\":\"https:\/\/pencongress.org\/wp-content\/uploads\/2024\/09\/LOGO-NEW-WHITE-141.svg\",\"width\":98,\"height\":69,\"caption\":\"PEN\"},\"image\":{\"@id\":\"https:\/\/pencongress.org\/#\/schema\/logo\/image\/\"}}]}<\/script>\n<!-- \/ Yoast SEO plugin. -->","yoast_head_json":{"title":"Calendario de eventos 2026","robots":{"index":"index","follow":"follow","max-snippet":"max-snippet:-1","max-image-preview":"max-image-preview:large","max-video-preview":"max-video-preview:-1"},"canonical":"https:\/\/pencongress.org\/es\/events-calendar-2024\/","og_locale":"es_ES","og_type":"article","og_title":"[:en]Events Calendar 2026[:fr]Calendrier des \u00e9v\u00e9nements 2026[:es]Calendario de eventos 2026[:] - PEN","og_description":"CALENDARIO PROVISIONAL DE REUNIONES DE LOS COMIT\u00c9S Y DEL CONGRESO 2026 Marzo de 2026 Reuni\u00f3n anual del WWC con lectura...","og_url":"https:\/\/pencongress.org\/es\/events-calendar-2024\/","og_site_name":"PEN","article_modified_time":"2025-08-31T17:15:41+00:00","twitter_card":"summary_large_image","twitter_misc":{"Tiempo de lectura":"1 minuto"},"schema":{"@context":"https:\/\/schema.org","@graph":[{"@type":"WebPage","@id":"https:\/\/pencongress.org\/fr\/events-calendar-2024\/","url":"https:\/\/pencongress.org\/fr\/events-calendar-2024\/","name":"Calendario de eventos 2026","isPartOf":{"@id":"https:\/\/pencongress.org\/#website"},"datePublished":"2020-10-14T06:12:54+00:00","dateModified":"2025-08-31T17:15:41+00:00","breadcrumb":{"@id":"https:\/\/pencongress.org\/fr\/events-calendar-2024\/#breadcrumb"},"inLanguage":"es-ES","potentialAction":[{"@type":"ReadAction","target":["https:\/\/pencongress.org\/fr\/events-calendar-2024\/"]}]},{"@type":"BreadcrumbList","@id":"https:\/\/pencongress.org\/fr\/events-calendar-2024\/#breadcrumb","itemListElement":[{"@type":"ListItem","position":1,"name":"\u0413\u043b\u0430\u0432\u043d\u0430\u044f \u0441\u0442\u0440\u0430\u043d\u0438\u0446\u0430","item":"https:\/\/pencongress.org\/es\/"},{"@type":"ListItem","position":2,"name":"Calendrier des \u00e9v\u00e9nements 2026"}]},{"@type":"WebSite","@id":"https:\/\/pencongress.org\/#website","url":"https:\/\/pencongress.org\/","name":"PEN","description":"Congress 2020","publisher":{"@id":"https:\/\/pencongress.org\/#organization"},"potentialAction":[{"@type":"SearchAction","target":{"@type":"EntryPoint","urlTemplate":"https:\/\/pencongress.org\/?s={search_term_string}"},"query-input":{"@type":"PropertyValueSpecification","valueRequired":true,"valueName":"search_term_string"}}],"inLanguage":"es-ES"},{"@type":"Organization","@id":"https:\/\/pencongress.org\/#organization","name":"PEN","url":"https:\/\/pencongress.org\/","logo":{"@type":"ImageObject","inLanguage":"es-ES","@id":"https:\/\/pencongress.org\/#\/schema\/logo\/image\/","url":"https:\/\/pencongress.org\/wp-content\/uploads\/2024\/09\/LOGO-NEW-WHITE-141.svg","contentUrl":"https:\/\/pencongress.org\/wp-content\/uploads\/2024\/09\/LOGO-NEW-WHITE-141.svg","width":98,"height":69,"caption":"PEN"},"image":{"@id":"https:\/\/pencongress.org\/#\/schema\/logo\/image\/"}}]}},"_links":{"self":[{"href":"https:\/\/pencongress.org\/es\/wp-json\/wp\/v2\/pages\/1229","targetHints":{"allow":["GET"]}}],"collection":[{"href":"https:\/\/pencongress.org\/es\/wp-json\/wp\/v2\/pages"}],"about":[{"href":"https:\/\/pencongress.org\/es\/wp-json\/wp\/v2\/types\/page"}],"author":[{"embeddable":true,"href":"https:\/\/pencongress.org\/es\/wp-json\/wp\/v2\/users\/1"}],"replies":[{"embeddable":true,"href":"https:\/\/pencongress.org\/es\/wp-json\/wp\/v2\/comments?post=1229"}],"version-history":[{"count":21,"href":"https:\/\/pencongress.org\/es\/wp-json\/wp\/v2\/pages\/1229\/revisions"}],"predecessor-version":[{"id":5540,"href":"https:\/\/pencongress.org\/es\/wp-json\/wp\/v2\/pages\/1229\/revisions\/5540"}],"wp:attachment":[{"href":"https:\/\/pencongress.org\/es\/wp-json\/wp\/v2\/media?parent=1229"}],"curies":[{"name":"wp","href":"https:\/\/api.w.org\/{rel}","templated":true}]}}