{"id":156,"date":"2020-09-15T10:34:50","date_gmt":"2020-09-15T07:34:50","guid":{"rendered":"https:\/\/pencongress.org\/?page_id=156"},"modified":"2022-09-16T22:18:41","modified_gmt":"2022-09-16T19:18:41","slug":"partners","status":"publish","type":"page","link":"https:\/\/pencongress.org\/es\/partners\/","title":{"rendered":"Patrocinadores, socios y promotores"},"content":{"rendered":"<p style=\"text-align: center;\"><span style=\"font-size: 24px;\"><strong>GRACIAS A TODOS AQUELLOS QUE NOS APOYAN<\/strong><\/span><\/p>\n<p>Dependemos de donaciones voluntarias para entregar nuestro trabajo: acciones solidarias y campa\u00f1as, as\u00ed como nuestros programas de protecci\u00f3n de escritores en riesgo. Estamos particularmente agradecidos con los miembros de nuestro C\u00edrculo de escritores, de nuestro C\u00edrculo de editores, y otros donantes que se enumeran a continuaci\u00f3n.<\/p>\n<table style=\"border-collapse: collapse; width: 100%;\">\n<tbody>\n<tr>\n<td style=\"width: 33.3333%;\"><span style=\"font-size: 14px;\"><em><strong><u>C\u00edrculo de escritores\u00a0 <\/u><\/strong><\/em><\/span><\/p>\n<p><span style=\"font-size: 14px;\"><em>Hanan Al-Shaykh<\/em><\/span><br \/>\n<span style=\"font-size: 14px;\"><em>Margaret Atwood<\/em><\/span><br \/>\n<span style=\"font-size: 14px;\"><em>Catherine Banner<\/em><\/span><br \/>\n<span style=\"font-size: 14px;\"><em>Andrea Barnet<\/em><\/span><br \/>\n<span style=\"font-size: 14px;\"><em>Simon Beckett<\/em><\/span><br \/>\n<span style=\"font-size: 14px;\"><em>Carolyn Cohagan<\/em><\/span><br \/>\n<span style=\"font-size: 14px;\"><em>Anthony Doerr<\/em><\/span><br \/>\n<span style=\"font-size: 14px;\"><em>Carleton Eastlake<\/em><\/span><br \/>\n<span style=\"font-size: 14px;\"><em>David Francis<\/em><\/span><br \/>\n<span style=\"font-size: 14px;\"><em>Gina Frangello<\/em><\/span><br \/>\n<span style=\"font-size: 14px;\"><em>Rita Gabis<\/em><\/span><br \/>\n<span style=\"font-size: 14px;\"><em>Joan Gelfand<\/em><\/span><br \/>\n<span style=\"font-size: 14px;\"><em>Nina George<\/em><\/span><br \/>\n<span style=\"font-size: 14px;\"><em>Arthur Golden<\/em><\/span><br \/>\n<span style=\"font-size: 14px;\"><em>Lauren Groff<\/em><\/span><br \/>\n<span style=\"font-size: 14px;\"><em>Jane Hirshfield<\/em><\/span><br \/>\n<span style=\"font-size: 14px;\"><em>Laura Hubber<\/em><\/span><br \/>\n<span style=\"font-size: 14px;\"><em>Debra Jo Immergut<\/em><\/span><\/td>\n<td style=\"width: 33.3333%; vertical-align: middle;\"><span style=\"font-size: 14px;\"><em>Eric Lax<\/em><\/span><br \/>\n<span style=\"font-size: 14px;\"><em>Joanne Leedom-Ackerman<\/em><\/span><br \/>\n<span style=\"font-size: 14px;\"><em>M. G. Lord<\/em><\/span><br \/>\n<span style=\"font-size: 14px;\"><em>Geert Mak<\/em><\/span><br \/>\n<span style=\"font-size: 14px;\"><em>Yann Martel<\/em><\/span><br \/>\n<span style=\"font-size: 14px;\"><em>Marisa Matarazzo<\/em><\/span><br \/>\n<span style=\"font-size: 14px;\"><em>Vida Ognjenovi\u0107<\/em><\/span><br \/>\n<span style=\"font-size: 14px;\"><em>Ben Okri<\/em><\/span><br \/>\n<span style=\"font-size: 14px;\"><em>Arya Rajam<\/em><\/span><br \/>\n<span style=\"font-size: 14px;\"><em>John Ralston Saul<\/em><\/span><br \/>\n<span style=\"font-size: 14px;\"><em>Ian Rankin<\/em><\/span><br \/>\n<span style=\"font-size: 14px;\"><em>Bernhard Schlink<\/em><\/span><br \/>\n<span style=\"font-size: 14px;\"><em>Jane Smiley<\/em><\/span><br \/>\n<span style=\"font-size: 14px;\"><em>Burhan S\u00f6nmez<\/em><\/span><br \/>\n<span style=\"font-size: 14px;\"><em>Frances Spurrier<\/em><\/span><br \/>\n<span style=\"font-size: 14px;\"><em>Colm T\u00f3ib\u00edn<\/em><\/span><br \/>\n<span style=\"font-size: 14px;\"><em>Ayelet Waldman<\/em><\/span><br \/>\n<span style=\"font-size: 14px;\"><em>Jess Walter<\/em><\/span><br \/>\n<span style=\"font-size: 14px;\"><em>Jamie WolfDavid Lagercrantz<\/em><\/span><br \/>\n<span style=\"font-size: 14px;\"><em>Yosef Wosk<\/em><\/span><\/td>\n<td style=\"width: 33.3333%; vertical-align: top;\"><span style=\"font-size: 14px;\"><em><strong><u>C\u00edrculo de editores <\/u><\/strong><\/em><\/span><\/p>\n<p><span style=\"font-size: 14px;\"><em>Albert Bonniers F\u00f6rlag<\/em><\/span><br \/>\n<span style=\"font-size: 14px;\"><em>C.H. Beck<\/em><\/span><br \/>\n<span style=\"font-size: 14px;\"><em>Finnish Book Publishers Association<\/em><\/span><br \/>\n<span style=\"font-size: 14px;\"><em>Giangiacomo Feltrinelli Editore<\/em><\/span><br \/>\n<span style=\"font-size: 14px;\"><em>Hachette Livre<\/em><\/span><br \/>\n<span style=\"font-size: 14px;\"><em>HarperCollins International<\/em><\/span><br \/>\n<span style=\"font-size: 14px;\"><em>Luchterhand Verlag<\/em><\/span><br \/>\n<span style=\"font-size: 14px;\"><em>Mareverlag<\/em><\/span><br \/>\n<span style=\"font-size: 14px;\"><em>Natur &#038; Kultur<\/em><\/span><br \/>\n<span style=\"font-size: 14px;\"><em>Norstedts F\u00f6rlagsgrupp<\/em><\/span><br \/>\n<span style=\"font-size: 14px;\"><em>Judith Gurewich<\/em><\/span><br \/>\n<span style=\"font-size: 14px;\"><em>and Other Press LLC<\/em><\/span><br \/>\n<span style=\"font-size: 14px;\"><em>Penguin Random House<\/em><\/span><br \/>\n<span style=\"font-size: 14px;\"><em>Simon &#038; Schuster<\/em><\/span><br \/>\n<span style=\"font-size: 14px;\"><em>Suhrkamp Verlag<\/em><\/span><\/td>\n<\/tr>\n<\/tbody>\n<\/table>\n<p>&nbsp;<\/p>\n<p style=\"text-align: center;\"><span style=\"text-decoration: underline; font-size: 14px;\"><em><strong>Otros patrocinadores y socios<\/strong><\/em><\/span><\/p>\n<p><span style=\"font-size: 14px;\">Isabel Allende \u2022\u00a0 Albert Bonniers F\u00f6rlag \u2022 C.H. Beck \u2022 Clifford Chance \u2022\u00a0 Nali Dinshaw \u2022\u00a0 Finnish Book Publishers Association \u2022 Fritt Ord Foundation \u2022 Giangiacomo Feltrinelli Editore \u2022 S. Fischer \u2022 Michael and Anne Golden \u2022 Hachette Livre \u2022 HarperCollins International \u2022 KiWi \u2022 David Lagercrantz \u2022 Eric Lax and Karen Sulzberger \u2022 Luchterhand Verlag \u2022 Mareverlag \u2022 Yann Martel \u2022 Mogford Prize and \u2018The Oxford Collection\u2019 \u2022 Moomin Characters Oy Ltd \u2022 Derek Moore Foundation \u2022 Natur &#038; Kultur \u2022 NMFA \u2022 Norstedts F\u00f6rlagsgrupp \u2022 Ben Okri \u2022 Clarissa Palmer \u2022 Orhan Pamuk \u2022 Penguin Random House \u2022 Reemtsma Stiftung \u2022 Sick Foundation \u2022 Sida \u2022 Sigrid Rausing Trust \u2022 Simon &#038; Schuster \u2022 Suhrkamp Verlag \u2022 UNESCO , y muchos m\u00e1s.<\/span><\/p>\n","protected":false},"excerpt":{"rendered":"<p>GRACIAS A TODOS AQUELLOS QUE NOS APOYAN Dependemos de donaciones voluntarias para entregar nuestro trabajo: acciones solidarias y campa\u00f1as, as\u00ed&#8230;<\/p>\n","protected":false},"author":1,"featured_media":0,"parent":0,"menu_order":0,"comment_status":"closed","ping_status":"closed","template":"template\/partners.php","meta":{"_acf_changed":false,"footnotes":""},"class_list":["post-156","page","type-page","status-publish","hentry"],"acf":[],"yoast_head":"<!-- This site is optimized with the Yoast SEO plugin v25.5 - https:\/\/yoast.com\/wordpress\/plugins\/seo\/ -->\n<title>Patrocinadores, socios y promotores<\/title>\n<meta name=\"robots\" content=\"index, follow, max-snippet:-1, max-image-preview:large, max-video-preview:-1\" \/>\n<link rel=\"canonical\" href=\"https:\/\/pencongress.org\/es\/partners\/\" \/>\n<meta property=\"og:locale\" content=\"es_ES\" \/>\n<meta property=\"og:locale:alternate\" content=\"en_US\" \/>\n<meta property=\"og:locale:alternate\" content=\"fr_FR\" \/>\n<meta property=\"og:type\" content=\"article\" \/>\n<meta property=\"og:title\" content=\"Patrocinadores, socios y promotores\" \/>\n<meta property=\"og:description\" content=\"GRACIAS A TODOS AQUELLOS QUE NOS APOYAN Dependemos de donaciones voluntarias para entregar nuestro trabajo: acciones solidarias y campa\u00f1as, as\u00ed...\" \/>\n<meta property=\"og:url\" content=\"https:\/\/pencongress.org\/es\/partners\/\" \/>\n<meta property=\"og:site_name\" content=\"PEN\" \/>\n<meta property=\"article:modified_time\" content=\"2022-09-16T19:18:41+00:00\" \/>\n<meta name=\"twitter:card\" content=\"summary_large_image\" \/>\n<meta name=\"twitter:label1\" content=\"Tiempo de lectura\" \/>\n\t<meta name=\"twitter:data1\" content=\"2 minutos\" \/>\n<script type=\"application\/ld+json\" class=\"yoast-schema-graph\">{\"@context\":\"https:\/\/schema.org\",\"@graph\":[{\"@type\":\"WebPage\",\"@id\":\"https:\/\/pencongress.org\/es\/partners\/\",\"url\":\"https:\/\/pencongress.org\/es\/partners\/\",\"name\":\"Patrocinadores, socios y promotores\",\"isPartOf\":{\"@id\":\"https:\/\/pencongress.org\/#website\"},\"datePublished\":\"2020-09-15T07:34:50+00:00\",\"dateModified\":\"2022-09-16T19:18:41+00:00\",\"breadcrumb\":{\"@id\":\"https:\/\/pencongress.org\/es\/partners\/#breadcrumb\"},\"inLanguage\":\"es-ES\",\"potentialAction\":[{\"@type\":\"ReadAction\",\"target\":[\"https:\/\/pencongress.org\/es\/partners\/\"]}]},{\"@type\":\"BreadcrumbList\",\"@id\":\"https:\/\/pencongress.org\/es\/partners\/#breadcrumb\",\"itemListElement\":[{\"@type\":\"ListItem\",\"position\":1,\"name\":\"\u0413\u043b\u0430\u0432\u043d\u0430\u044f \u0441\u0442\u0440\u0430\u043d\u0438\u0446\u0430\",\"item\":\"https:\/\/pencongress.org\/es\/\"},{\"@type\":\"ListItem\",\"position\":2,\"name\":\"Patrocinadores, socios y promotores\"}]},{\"@type\":\"WebSite\",\"@id\":\"https:\/\/pencongress.org\/#website\",\"url\":\"https:\/\/pencongress.org\/\",\"name\":\"PEN\",\"description\":\"Congress 2020\",\"publisher\":{\"@id\":\"https:\/\/pencongress.org\/#organization\"},\"potentialAction\":[{\"@type\":\"SearchAction\",\"target\":{\"@type\":\"EntryPoint\",\"urlTemplate\":\"https:\/\/pencongress.org\/?s={search_term_string}\"},\"query-input\":{\"@type\":\"PropertyValueSpecification\",\"valueRequired\":true,\"valueName\":\"search_term_string\"}}],\"inLanguage\":\"es-ES\"},{\"@type\":\"Organization\",\"@id\":\"https:\/\/pencongress.org\/#organization\",\"name\":\"PEN\",\"url\":\"https:\/\/pencongress.org\/\",\"logo\":{\"@type\":\"ImageObject\",\"inLanguage\":\"es-ES\",\"@id\":\"https:\/\/pencongress.org\/#\/schema\/logo\/image\/\",\"url\":\"https:\/\/pencongress.org\/wp-content\/uploads\/2024\/09\/LOGO-NEW-WHITE-141.svg\",\"contentUrl\":\"https:\/\/pencongress.org\/wp-content\/uploads\/2024\/09\/LOGO-NEW-WHITE-141.svg\",\"width\":98,\"height\":69,\"caption\":\"PEN\"},\"image\":{\"@id\":\"https:\/\/pencongress.org\/#\/schema\/logo\/image\/\"}}]}<\/script>\n<!-- \/ Yoast SEO plugin. -->","yoast_head_json":{"title":"Patrocinadores, socios y promotores","robots":{"index":"index","follow":"follow","max-snippet":"max-snippet:-1","max-image-preview":"max-image-preview:large","max-video-preview":"max-video-preview:-1"},"canonical":"https:\/\/pencongress.org\/es\/partners\/","og_locale":"es_ES","og_type":"article","og_title":"[:en]Patrons, Partners & Supporters[:fr]Parrains, Partenaires et Donateurs[:es]Patrocinadores, socios y promotores[:] - PEN","og_description":"GRACIAS A TODOS AQUELLOS QUE NOS APOYAN Dependemos de donaciones voluntarias para entregar nuestro trabajo: acciones solidarias y campa\u00f1as, as\u00ed...","og_url":"https:\/\/pencongress.org\/es\/partners\/","og_site_name":"PEN","article_modified_time":"2022-09-16T19:18:41+00:00","twitter_card":"summary_large_image","twitter_misc":{"Tiempo de lectura":"2 minutos"},"schema":{"@context":"https:\/\/schema.org","@graph":[{"@type":"WebPage","@id":"https:\/\/pencongress.org\/es\/partners\/","url":"https:\/\/pencongress.org\/es\/partners\/","name":"Patrocinadores, socios y promotores","isPartOf":{"@id":"https:\/\/pencongress.org\/#website"},"datePublished":"2020-09-15T07:34:50+00:00","dateModified":"2022-09-16T19:18:41+00:00","breadcrumb":{"@id":"https:\/\/pencongress.org\/es\/partners\/#breadcrumb"},"inLanguage":"es-ES","potentialAction":[{"@type":"ReadAction","target":["https:\/\/pencongress.org\/es\/partners\/"]}]},{"@type":"BreadcrumbList","@id":"https:\/\/pencongress.org\/es\/partners\/#breadcrumb","itemListElement":[{"@type":"ListItem","position":1,"name":"\u0413\u043b\u0430\u0432\u043d\u0430\u044f \u0441\u0442\u0440\u0430\u043d\u0438\u0446\u0430","item":"https:\/\/pencongress.org\/es\/"},{"@type":"ListItem","position":2,"name":"Patrocinadores, socios y promotores"}]},{"@type":"WebSite","@id":"https:\/\/pencongress.org\/#website","url":"https:\/\/pencongress.org\/","name":"PEN","description":"Congress 2020","publisher":{"@id":"https:\/\/pencongress.org\/#organization"},"potentialAction":[{"@type":"SearchAction","target":{"@type":"EntryPoint","urlTemplate":"https:\/\/pencongress.org\/?s={search_term_string}"},"query-input":{"@type":"PropertyValueSpecification","valueRequired":true,"valueName":"search_term_string"}}],"inLanguage":"es-ES"},{"@type":"Organization","@id":"https:\/\/pencongress.org\/#organization","name":"PEN","url":"https:\/\/pencongress.org\/","logo":{"@type":"ImageObject","inLanguage":"es-ES","@id":"https:\/\/pencongress.org\/#\/schema\/logo\/image\/","url":"https:\/\/pencongress.org\/wp-content\/uploads\/2024\/09\/LOGO-NEW-WHITE-141.svg","contentUrl":"https:\/\/pencongress.org\/wp-content\/uploads\/2024\/09\/LOGO-NEW-WHITE-141.svg","width":98,"height":69,"caption":"PEN"},"image":{"@id":"https:\/\/pencongress.org\/#\/schema\/logo\/image\/"}}]}},"_links":{"self":[{"href":"https:\/\/pencongress.org\/es\/wp-json\/wp\/v2\/pages\/156","targetHints":{"allow":["GET"]}}],"collection":[{"href":"https:\/\/pencongress.org\/es\/wp-json\/wp\/v2\/pages"}],"about":[{"href":"https:\/\/pencongress.org\/es\/wp-json\/wp\/v2\/types\/page"}],"author":[{"embeddable":true,"href":"https:\/\/pencongress.org\/es\/wp-json\/wp\/v2\/users\/1"}],"replies":[{"embeddable":true,"href":"https:\/\/pencongress.org\/es\/wp-json\/wp\/v2\/comments?post=156"}],"version-history":[{"count":16,"href":"https:\/\/pencongress.org\/es\/wp-json\/wp\/v2\/pages\/156\/revisions"}],"predecessor-version":[{"id":3147,"href":"https:\/\/pencongress.org\/es\/wp-json\/wp\/v2\/pages\/156\/revisions\/3147"}],"wp:attachment":[{"href":"https:\/\/pencongress.org\/es\/wp-json\/wp\/v2\/media?parent=156"}],"curies":[{"name":"wp","href":"https:\/\/api.w.org\/{rel}","templated":true}]}}