{"id":68,"date":"2020-09-09T16:02:01","date_gmt":"2020-09-09T13:02:01","guid":{"rendered":"https:\/\/pencongress.org\/?page_id=68"},"modified":"2025-05-21T15:41:30","modified_gmt":"2025-05-21T12:41:30","slug":"registration-successful","status":"publish","type":"page","link":"https:\/\/pencongress.org\/fr\/registration\/registration-successful\/","title":{"rendered":"Registration successful!"},"content":{"rendered":"<p><img loading=\"lazy\" decoding=\"async\" class=\"alignnone size-full wp-image-71\" src=\"https:\/\/pencongress.org\/wp-content\/uploads\/2020\/09\/check-circle.png\" alt=\"\" width=\"80\" height=\"80\" \/><\/p>\n<h2><strong>CONFIRMATION D&rsquo;ENREGISTREMENT<\/strong><\/h2>\n<p>Merci de vous \u00eatre enregistr\u00e9 pour le 91e Congr\u00e8s de PEN International !<\/p>\n<p>Vos identifiants d&rsquo;acc\u00e8s vous seront envoy\u00e9s par e-mail peu apr\u00e8s la confirmation de votre identit\u00e9. Veuillez ne pas partager vos identifiants d&rsquo;acc\u00e8s, car ils sont uniques et destin\u00e9s \u00e0 un usage personnel uniquement.<\/p>\n<p>Veuillez noter que le droit de vote sera accord\u00e9 \u00e0 un d\u00e9l\u00e9gu\u00e9 repr\u00e9sentant chaque centre ayant le droit de vote.<\/p>\n<p>Si plusieurs d\u00e9l\u00e9gu\u00e9s repr\u00e9sentent votre Centre, veuillez d\u00e9cider en interne qui sera le d\u00e9l\u00e9gu\u00e9 votant et en informer l&rsquo;\u00e9quipe du Congr\u00e8s au plus tard une semaine avant le Congr\u00e8s. Dans le cas contraire, les droits de vote seront attribu\u00e9s en fonction de la hi\u00e9rarchie au sein de votre centre PEN.<\/p>\n<p>Pour pouvoir voter, assurez-vous que votre cotisation a \u00e9t\u00e9 pay\u00e9e au plus tard une semaine avant le Congr\u00e8s.<\/p>\n","protected":false},"excerpt":{"rendered":"<p>CONFIRMATION D&rsquo;ENREGISTREMENT Merci de vous \u00eatre enregistr\u00e9 pour le 91e Congr\u00e8s de PEN International ! Vos identifiants d&rsquo;acc\u00e8s vous seront&#8230;<\/p>\n","protected":false},"author":1,"featured_media":74,"parent":2,"menu_order":0,"comment_status":"closed","ping_status":"closed","template":"template\/thank.php","meta":{"_acf_changed":false,"footnotes":""},"class_list":["post-68","page","type-page","status-publish","has-post-thumbnail","hentry"],"acf":[],"yoast_head":"<!-- This site is optimized with the Yoast SEO plugin v25.5 - https:\/\/yoast.com\/wordpress\/plugins\/seo\/ -->\n<title>Registration successful!<\/title>\n<meta name=\"robots\" content=\"index, follow, max-snippet:-1, max-image-preview:large, max-video-preview:-1\" \/>\n<link rel=\"canonical\" href=\"https:\/\/pencongress.org\/fr\/registration\/registration-successful\/\" \/>\n<meta property=\"og:locale\" content=\"fr_FR\" \/>\n<meta property=\"og:locale:alternate\" content=\"en_US\" \/>\n<meta property=\"og:locale:alternate\" content=\"es_ES\" \/>\n<meta property=\"og:type\" content=\"article\" \/>\n<meta property=\"og:title\" content=\"Registration successful!\" \/>\n<meta property=\"og:description\" content=\"CONFIRMATION D&rsquo;ENREGISTREMENT Merci de vous \u00eatre enregistr\u00e9 pour le 91e Congr\u00e8s de PEN International ! Vos identifiants d&rsquo;acc\u00e8s vous seront...\" \/>\n<meta property=\"og:url\" content=\"https:\/\/pencongress.org\/fr\/registration\/registration-successful\/\" \/>\n<meta property=\"og:site_name\" content=\"PEN\" \/>\n<meta property=\"article:modified_time\" content=\"2025-05-21T12:41:30+00:00\" \/>\n<meta property=\"og:image\" content=\"https:\/\/pencongress.org\/wp-content\/uploads\/2020\/09\/hero-e1600162481695.jpg\" \/>\n\t<meta property=\"og:image:width\" content=\"800\" \/>\n\t<meta property=\"og:image:height\" content=\"267\" \/>\n\t<meta property=\"og:image:type\" content=\"image\/jpeg\" \/>\n<meta name=\"twitter:card\" content=\"summary_large_image\" \/>\n<meta name=\"twitter:label1\" content=\"Dur\u00e9e de lecture estim\u00e9e\" \/>\n\t<meta name=\"twitter:data1\" content=\"2 minutes\" \/>\n<script type=\"application\/ld+json\" class=\"yoast-schema-graph\">{\"@context\":\"https:\/\/schema.org\",\"@graph\":[{\"@type\":\"WebPage\",\"@id\":\"https:\/\/pencongress.org\/registration\/registration-successful\/\",\"url\":\"https:\/\/pencongress.org\/registration\/registration-successful\/\",\"name\":\"Registration successful!\",\"isPartOf\":{\"@id\":\"https:\/\/pencongress.org\/#website\"},\"primaryImageOfPage\":{\"@id\":\"https:\/\/pencongress.org\/registration\/registration-successful\/#primaryimage\"},\"image\":{\"@id\":\"https:\/\/pencongress.org\/registration\/registration-successful\/#primaryimage\"},\"thumbnailUrl\":\"https:\/\/pencongress.org\/wp-content\/uploads\/2020\/09\/hero-e1600162481695.jpg\",\"datePublished\":\"2020-09-09T13:02:01+00:00\",\"dateModified\":\"2025-05-21T12:41:30+00:00\",\"breadcrumb\":{\"@id\":\"https:\/\/pencongress.org\/registration\/registration-successful\/#breadcrumb\"},\"inLanguage\":\"fr-FR\",\"potentialAction\":[{\"@type\":\"ReadAction\",\"target\":[\"https:\/\/pencongress.org\/registration\/registration-successful\/\"]}]},{\"@type\":\"ImageObject\",\"inLanguage\":\"fr-FR\",\"@id\":\"https:\/\/pencongress.org\/registration\/registration-successful\/#primaryimage\",\"url\":\"https:\/\/pencongress.org\/wp-content\/uploads\/2020\/09\/hero-e1600162481695.jpg\",\"contentUrl\":\"https:\/\/pencongress.org\/wp-content\/uploads\/2020\/09\/hero-e1600162481695.jpg\",\"width\":800,\"height\":267},{\"@type\":\"BreadcrumbList\",\"@id\":\"https:\/\/pencongress.org\/registration\/registration-successful\/#breadcrumb\",\"itemListElement\":[{\"@type\":\"ListItem\",\"position\":1,\"name\":\"\u0413\u043b\u0430\u0432\u043d\u0430\u044f \u0441\u0442\u0440\u0430\u043d\u0438\u0446\u0430\",\"item\":\"https:\/\/pencongress.org\/es\/\"},{\"@type\":\"ListItem\",\"position\":2,\"name\":\"Registration\",\"item\":\"https:\/\/pencongress.org\/registration\/\"},{\"@type\":\"ListItem\",\"position\":3,\"name\":\"Registration successful!\"}]},{\"@type\":\"WebSite\",\"@id\":\"https:\/\/pencongress.org\/#website\",\"url\":\"https:\/\/pencongress.org\/\",\"name\":\"PEN\",\"description\":\"Congress 2021\",\"publisher\":{\"@id\":\"https:\/\/pencongress.org\/#organization\"},\"potentialAction\":[{\"@type\":\"SearchAction\",\"target\":{\"@type\":\"EntryPoint\",\"urlTemplate\":\"https:\/\/pencongress.org\/?s={search_term_string}\"},\"query-input\":{\"@type\":\"PropertyValueSpecification\",\"valueRequired\":true,\"valueName\":\"search_term_string\"}}],\"inLanguage\":\"fr-FR\"},{\"@type\":\"Organization\",\"@id\":\"https:\/\/pencongress.org\/#organization\",\"name\":\"PEN\",\"url\":\"https:\/\/pencongress.org\/\",\"logo\":{\"@type\":\"ImageObject\",\"inLanguage\":\"fr-FR\",\"@id\":\"https:\/\/pencongress.org\/#\/schema\/logo\/image\/\",\"url\":\"https:\/\/pencongress.org\/wp-content\/uploads\/2024\/09\/LOGO-NEW-WHITE-141.svg\",\"contentUrl\":\"https:\/\/pencongress.org\/wp-content\/uploads\/2024\/09\/LOGO-NEW-WHITE-141.svg\",\"width\":98,\"height\":69,\"caption\":\"PEN\"},\"image\":{\"@id\":\"https:\/\/pencongress.org\/#\/schema\/logo\/image\/\"}}]}<\/script>\n<!-- \/ Yoast SEO plugin. -->","yoast_head_json":{"title":"Registration successful!","robots":{"index":"index","follow":"follow","max-snippet":"max-snippet:-1","max-image-preview":"max-image-preview:large","max-video-preview":"max-video-preview:-1"},"canonical":"https:\/\/pencongress.org\/fr\/registration\/registration-successful\/","og_locale":"fr_FR","og_type":"article","og_title":"[:en]Registration successful![:fr]Registration successful![:es]Registration successful![:] - PEN","og_description":"CONFIRMATION D&rsquo;ENREGISTREMENT Merci de vous \u00eatre enregistr\u00e9 pour le 91e Congr\u00e8s de PEN International ! Vos identifiants d&rsquo;acc\u00e8s vous seront...","og_url":"https:\/\/pencongress.org\/fr\/registration\/registration-successful\/","og_site_name":"PEN","article_modified_time":"2025-05-21T12:41:30+00:00","og_image":[{"width":800,"height":267,"url":"https:\/\/pencongress.org\/wp-content\/uploads\/2020\/09\/hero-e1600162481695.jpg","type":"image\/jpeg"}],"twitter_card":"summary_large_image","twitter_misc":{"Dur\u00e9e de lecture estim\u00e9e":"2 minutes"},"schema":{"@context":"https:\/\/schema.org","@graph":[{"@type":"WebPage","@id":"https:\/\/pencongress.org\/registration\/registration-successful\/","url":"https:\/\/pencongress.org\/registration\/registration-successful\/","name":"Registration successful!","isPartOf":{"@id":"https:\/\/pencongress.org\/#website"},"primaryImageOfPage":{"@id":"https:\/\/pencongress.org\/registration\/registration-successful\/#primaryimage"},"image":{"@id":"https:\/\/pencongress.org\/registration\/registration-successful\/#primaryimage"},"thumbnailUrl":"https:\/\/pencongress.org\/wp-content\/uploads\/2020\/09\/hero-e1600162481695.jpg","datePublished":"2020-09-09T13:02:01+00:00","dateModified":"2025-05-21T12:41:30+00:00","breadcrumb":{"@id":"https:\/\/pencongress.org\/registration\/registration-successful\/#breadcrumb"},"inLanguage":"fr-FR","potentialAction":[{"@type":"ReadAction","target":["https:\/\/pencongress.org\/registration\/registration-successful\/"]}]},{"@type":"ImageObject","inLanguage":"fr-FR","@id":"https:\/\/pencongress.org\/registration\/registration-successful\/#primaryimage","url":"https:\/\/pencongress.org\/wp-content\/uploads\/2020\/09\/hero-e1600162481695.jpg","contentUrl":"https:\/\/pencongress.org\/wp-content\/uploads\/2020\/09\/hero-e1600162481695.jpg","width":800,"height":267},{"@type":"BreadcrumbList","@id":"https:\/\/pencongress.org\/registration\/registration-successful\/#breadcrumb","itemListElement":[{"@type":"ListItem","position":1,"name":"\u0413\u043b\u0430\u0432\u043d\u0430\u044f \u0441\u0442\u0440\u0430\u043d\u0438\u0446\u0430","item":"https:\/\/pencongress.org\/es\/"},{"@type":"ListItem","position":2,"name":"Registration","item":"https:\/\/pencongress.org\/registration\/"},{"@type":"ListItem","position":3,"name":"Registration successful!"}]},{"@type":"WebSite","@id":"https:\/\/pencongress.org\/#website","url":"https:\/\/pencongress.org\/","name":"PEN","description":"Congress 2021","publisher":{"@id":"https:\/\/pencongress.org\/#organization"},"potentialAction":[{"@type":"SearchAction","target":{"@type":"EntryPoint","urlTemplate":"https:\/\/pencongress.org\/?s={search_term_string}"},"query-input":{"@type":"PropertyValueSpecification","valueRequired":true,"valueName":"search_term_string"}}],"inLanguage":"fr-FR"},{"@type":"Organization","@id":"https:\/\/pencongress.org\/#organization","name":"PEN","url":"https:\/\/pencongress.org\/","logo":{"@type":"ImageObject","inLanguage":"fr-FR","@id":"https:\/\/pencongress.org\/#\/schema\/logo\/image\/","url":"https:\/\/pencongress.org\/wp-content\/uploads\/2024\/09\/LOGO-NEW-WHITE-141.svg","contentUrl":"https:\/\/pencongress.org\/wp-content\/uploads\/2024\/09\/LOGO-NEW-WHITE-141.svg","width":98,"height":69,"caption":"PEN"},"image":{"@id":"https:\/\/pencongress.org\/#\/schema\/logo\/image\/"}}]}},"_links":{"self":[{"href":"https:\/\/pencongress.org\/fr\/wp-json\/wp\/v2\/pages\/68","targetHints":{"allow":["GET"]}}],"collection":[{"href":"https:\/\/pencongress.org\/fr\/wp-json\/wp\/v2\/pages"}],"about":[{"href":"https:\/\/pencongress.org\/fr\/wp-json\/wp\/v2\/types\/page"}],"author":[{"embeddable":true,"href":"https:\/\/pencongress.org\/fr\/wp-json\/wp\/v2\/users\/1"}],"replies":[{"embeddable":true,"href":"https:\/\/pencongress.org\/fr\/wp-json\/wp\/v2\/comments?post=68"}],"version-history":[{"count":32,"href":"https:\/\/pencongress.org\/fr\/wp-json\/wp\/v2\/pages\/68\/revisions"}],"predecessor-version":[{"id":4972,"href":"https:\/\/pencongress.org\/fr\/wp-json\/wp\/v2\/pages\/68\/revisions\/4972"}],"up":[{"embeddable":true,"href":"https:\/\/pencongress.org\/fr\/wp-json\/wp\/v2\/pages\/2"}],"wp:featuredmedia":[{"embeddable":true,"href":"https:\/\/pencongress.org\/fr\/wp-json\/wp\/v2\/media\/74"}],"wp:attachment":[{"href":"https:\/\/pencongress.org\/fr\/wp-json\/wp\/v2\/media?parent=68"}],"curies":[{"name":"wp","href":"https:\/\/api.w.org\/{rel}","templated":true}]}}